{"id":54464,"date":"2022-03-10T22:10:27","date_gmt":"2022-03-10T22:10:27","guid":{"rendered":"https:\/\/www.tbmaestro.com\/customer-testimonials\/"},"modified":"2023-06-29T19:09:30","modified_gmt":"2023-06-29T19:09:30","slug":"customer-testimonials","status":"publish","type":"page","link":"https:\/\/www.tbmaestro.com\/en\/customer-testimonials\/","title":{"rendered":"T\u00e9moignages clients"},"content":{"rendered":"<p>[et_pb_section fb_built=&#8221;1&#8243; fullwidth=&#8221;on&#8221; _builder_version=&#8221;4.16&#8243; global_colors_info=&#8221;{}&#8221;][et_pb_fullwidth_header title=&#8221;@ET-DC@eyJkeW5hbWljIjp0cnVlLCJjb250ZW50IjoicG9zdF90aXRsZSIsInNldHRpbmdzIjp7ImJlZm9yZSI6IiIsImFmdGVyIjoiIn19@&#8221; text_orientation=&#8221;center&#8221; title_last_edited=&#8221;off|desktop&#8221; admin_label=&#8221;Fullwidth Header&#8221; _builder_version=&#8221;4.21.0&#8243; _dynamic_attributes=&#8221;title&#8221; title_text_align=&#8221;center&#8221; title_font_size=&#8221;60px&#8221; subhead_font_size=&#8221;26px&#8221; subhead_line_height=&#8221;1.4em&#8221; background_enable_color=&#8221;off&#8221; background_image=&#8221;https:\/\/www.tbmaestro.com\/wp-content\/uploads\/2022\/03\/Bandeau-temoignage-client-tbmaestro.jpg&#8221; width=&#8221;100%&#8221; max_width=&#8221;100%&#8221; min_height=&#8221;25vw&#8221; min_height_tablet=&#8221;50vw&#8221; min_height_phone=&#8221;70vw&#8221; min_height_last_edited=&#8221;on|desktop&#8221; custom_margin=&#8221;|-260px|||false|false&#8221; custom_padding=&#8221;|||0px|false|false&#8221; custom_padding_tablet=&#8221;100px||||false|false&#8221; custom_padding_phone=&#8221;70px||70px||true|false&#8221; custom_padding_last_edited=&#8221;on|phone&#8221; title_font_size_tablet=&#8221;34px&#8221; title_font_size_phone=&#8221;&#8221; title_font_size_last_edited=&#8221;on|desktop&#8221; custom_css_main_element=&#8221;display: flex;||align-items: center;&#8221; global_module=&#8221;32628&#8243; saved_tabs=&#8221;all&#8221; global_colors_info=&#8221;{}&#8221;][\/et_pb_fullwidth_header][\/et_pb_section][et_pb_section fb_built=&#8221;1&#8243; _builder_version=&#8221;4.21.0&#8243; _module_preset=&#8221;default&#8221; background_color=&#8221;#F8F8F8&#8243; custom_padding=&#8221;49px||18px|||&#8221; global_colors_info=&#8221;{}&#8221;][et_pb_row _builder_version=&#8221;4.21.0&#8243; _module_preset=&#8221;default&#8221; global_colors_info=&#8221;{}&#8221;][et_pb_column type=&#8221;4_4&#8243; _builder_version=&#8221;4.21.0&#8243; _module_preset=&#8221;default&#8221; global_colors_info=&#8221;{}&#8221;][et_pb_button button_url=&#8221;https:\/\/www.tbmaestro.com\/enca\/contact-2\/&#8221; button_text=&#8221;Nous contacter&#8221; _builder_version=&#8221;4.21.0&#8243; _module_preset=&#8221;default&#8221; hover_enabled=&#8221;0&#8243; global_colors_info=&#8221;{}&#8221; sticky_enabled=&#8221;0&#8243;][\/et_pb_button][\/et_pb_column][\/et_pb_row][\/et_pb_section][et_pb_section fb_built=&#8221;1&#8243; admin_label=&#8221;Bouton contact&#8221; module_class=&#8221;highZIndex&#8221; _builder_version=&#8221;3.27.4&#8243; custom_margin=&#8221;|0px|0px|0px|false|false&#8221; custom_padding=&#8221;0px|0px|0px|0px&#8221; top_divider_height=&#8221;0px&#8221; bottom_divider_color=&#8221;#f87c56&#8243; custom_css_main_element=&#8221;position:absolute;&#8221; global_module=&#8221;4782&#8243; saved_tabs=&#8221;all&#8221; global_colors_info=&#8221;{}&#8221;][\/et_pb_section][et_pb_section fb_built=&#8221;1&#8243; _builder_version=&#8221;4.16&#8243; background_color=&#8221;rgba(0,0,0,0)&#8221; custom_padding=&#8221;0vw||0vw||true|true&#8221; global_colors_info=&#8221;{}&#8221;][et_pb_row column_structure=&#8221;1_2,1_2&#8243; use_custom_gutter=&#8221;on&#8221; _builder_version=&#8221;4.21.0&#8243; max_width=&#8221;1112px&#8221; use_custom_width=&#8221;on&#8221; custom_width_px=&#8221;1112px&#8221; global_colors_info=&#8221;{}&#8221;][et_pb_column type=&#8221;1_2&#8243; _builder_version=&#8221;4.16&#8243; custom_padding=&#8221;|||&#8221; global_colors_info=&#8221;{}&#8221; custom_padding__hover=&#8221;|||&#8221;][et_pb_search exclude_pages=&#8221;on&#8221; include_categories=&#8221;23,28,14,19,20,22,81,16,24,21,1,17,13,26,25,15,82&#8243; placeholder=&#8221;Rechercher un t\u00e9moignage client&#8230;&#8221; _builder_version=&#8221;4.16&#8243; custom_margin=&#8221;9px|||14px|false|false&#8221; global_colors_info=&#8221;{}&#8221;]<br \/>\n[\/et_pb_search][\/et_pb_column][et_pb_column type=&#8221;1_2&#8243; _builder_version=&#8221;4.16&#8243; custom_padding=&#8221;|||&#8221; global_colors_info=&#8221;{}&#8221; custom_padding__hover=&#8221;|||&#8221;][\/et_pb_column][\/et_pb_row][et_pb_row use_custom_gutter=&#8221;on&#8221; gutter_width=&#8221;2&#8243; _builder_version=&#8221;4.16&#8243; global_colors_info=&#8221;{}&#8221;][et_pb_column type=&#8221;4_4&#8243; _builder_version=&#8221;4.16&#8243; global_colors_info=&#8221;{}&#8221;][et_pb_blog fullwidth=&#8221;off&#8221; posts_number=&#8221;100&#8243; include_categories=&#8221;83&#8243; meta_date=&#8221;j\/m\/y&#8221; excerpt_length=&#8221;200&#8243; show_more=&#8221;on&#8221; show_author=&#8221;off&#8221; show_pagination=&#8221;off&#8221; use_overlay=&#8221;on&#8221; overlay_icon_color=&#8221;#ffffff&#8221; hover_overlay_color=&#8221;rgba(32,33,36,0.69)&#8221; hover_icon=&#8221;=||divi||400&#8243; admin_label=&#8221;Blog&#8221; module_class=&#8221;pa-blog-equal-height&#8221; _builder_version=&#8221;4.21.0&#8243; header_level=&#8221;h3&#8243; header_font=&#8221;Roboto||||||||&#8221; header_text_color=&#8221;#202124&#8243; header_font_size=&#8221;20px&#8221; body_font=&#8221;|300|||||||&#8221; body_line_height=&#8221;28px&#8221; meta_font=&#8221;|||on|||||&#8221; meta_text_color=&#8221;#ff3c00&#8243; meta_font_size=&#8221;12px&#8221; meta_line_height=&#8221;1.4em&#8221; read_more_font=&#8221;|600||on|||||&#8221; read_more_text_color=&#8221;#202124&#8243; read_more_line_height=&#8221;3em&#8221; custom_padding=&#8221;||||false|true&#8221; custom_css_read_more=&#8221;position: absolute;||bottom: 0;&#8221; border_radii=&#8221;on|6px|6px|6px|6px&#8221; border_color_all=&#8221;#ededed&#8221; border_radii_image=&#8221;off||||&#8221; global_module=&#8221;33563&#8243; saved_tabs=&#8221;all&#8221; global_colors_info=&#8221;{}&#8221;][\/et_pb_blog][\/et_pb_column][\/et_pb_row][\/et_pb_section][et_pb_section fb_built=&#8221;1&#8243; theme_builder_area=&#8221;post_content&#8221; _builder_version=&#8221;4.21.0&#8243; _module_preset=&#8221;default&#8221; top_divider_style=&#8221;arrow&#8221; top_divider_color=&#8221;#F8F8F8&#8243; hover_enabled=&#8221;0&#8243; sticky_enabled=&#8221;0&#8243; custom_padding=&#8221;||32px|||&#8221;][et_pb_row _builder_version=&#8221;4.21.0&#8243; _module_preset=&#8221;default&#8221; theme_builder_area=&#8221;post_content&#8221; custom_margin=&#8221;104px|auto||auto||&#8221; custom_padding=&#8221;16px|||||&#8221;][et_pb_column _builder_version=&#8221;4.21.0&#8243; _module_preset=&#8221;default&#8221; type=&#8221;4_4&#8243; theme_builder_area=&#8221;post_content&#8221;][et_pb_text _builder_version=&#8221;4.21.0&#8243; _module_preset=&#8221;default&#8221; text_font_size=&#8221;91px&#8221; custom_margin=&#8221;||21px|||&#8221; custom_padding=&#8221;||5px|||&#8221; hover_enabled=&#8221;0&#8243; global_colors_info=&#8221;{}&#8221; sticky_enabled=&#8221;0&#8243; theme_builder_area=&#8221;post_content&#8221;]<\/p>\n<p style=\"text-align: center;\"><span style=\"font-size: x-large;\"><strong><span style=\"color: #202124;\">Ces t\u00e9moignages font \u00e9cho \u00e0 vos enjeux ? Faites-en nous part !<\/span><\/strong><\/span><\/p>\n<p>[\/et_pb_text][et_pb_text _builder_version=&#8221;4.21.0&#8243; _module_preset=&#8221;default&#8221; text_font_size=&#8221;31px&#8221; text_line_height=&#8221;1em&#8221; min_height=&#8221;56.8px&#8221; custom_padding=&#8221;||0px|||&#8221; global_colors_info=&#8221;{}&#8221; theme_builder_area=&#8221;post_content&#8221;]<\/p>\n<p style=\"text-align: center;\"><span style=\"font-size: medium;\">\u00c9changeons ensemble, nous saurons trouver les solutions ad\u00e9quates pour y r\u00e9pondre.<\/span><\/p>\n<p>[\/et_pb_text][\/et_pb_column][\/et_pb_row][\/et_pb_section]<\/p>\n","protected":false},"excerpt":{"rendered":"<p>Ces t\u00e9moignages font \u00e9cho \u00e0 vos enjeux ? Faites-en nous part !\u00c9changeons ensemble, nous saurons trouver les solutions ad\u00e9quates pour y r\u00e9pondre.<\/p>\n","protected":false},"author":1,"featured_media":54275,"parent":0,"menu_order":0,"comment_status":"closed","ping_status":"closed","template":"","meta":{"_et_pb_use_builder":"on","_et_pb_old_content":"","_et_gb_content_width":"","footnotes":""},"class_list":["post-54464","page","type-page","status-publish","has-post-thumbnail","hentry"],"yoast_head":"<!-- This site is optimized with the Yoast SEO plugin v26.1.1 - https:\/\/yoast.com\/wordpress\/plugins\/seo\/ -->\n<title>T\u00e9moignages clients - tbmaestro | Prenez les meilleures d\u00e9cisions pour vos b\u00e2timents et infrastructures<\/title>\n<meta name=\"description\" content=\"D\u00e9couvrez les interviews clients r\u00e9alis\u00e9es par tbmaestro. Un grand merci \u00e0 nos clients pour la confiance accord\u00e9e.\" \/>\n<meta name=\"robots\" content=\"index, follow, max-snippet:-1, max-image-preview:large, max-video-preview:-1\" \/>\n<link rel=\"canonical\" href=\"https:\/\/www.tbmaestro.com\/en\/customer-testimonials\/\" \/>\n<meta property=\"og:locale\" content=\"en_US\" \/>\n<meta property=\"og:type\" content=\"article\" \/>\n<meta property=\"og:title\" content=\"T\u00e9moignages clients - tbmaestro | Prenez les meilleures d\u00e9cisions pour vos b\u00e2timents et infrastructures\" \/>\n<meta property=\"og:description\" content=\"D\u00e9couvrez les interviews clients r\u00e9alis\u00e9es par tbmaestro. Un grand merci \u00e0 nos clients pour la confiance accord\u00e9e.\" \/>\n<meta property=\"og:url\" content=\"https:\/\/www.tbmaestro.com\/en\/customer-testimonials\/\" \/>\n<meta property=\"og:site_name\" content=\"tbmaestro | Prenez les meilleures d\u00e9cisions pour vos b\u00e2timents et infrastructures\" \/>\n<meta property=\"article:publisher\" content=\"https:\/\/www.facebook.com\/tbmaestroFRQC\/\" \/>\n<meta property=\"article:modified_time\" content=\"2023-06-29T19:09:30+00:00\" \/>\n<meta property=\"og:image\" content=\"https:\/\/www.tbmaestro.com\/wp-content\/uploads\/2022\/03\/Bandeau-temoignage-client-tbmaestro.jpg\" \/>\n\t<meta property=\"og:image:width\" content=\"1920\" \/>\n\t<meta property=\"og:image:height\" content=\"600\" \/>\n\t<meta property=\"og:image:type\" content=\"image\/jpeg\" \/>\n<meta name=\"twitter:card\" content=\"summary_large_image\" \/>\n<meta name=\"twitter:site\" content=\"@tbmaestro\" \/>\n<meta name=\"twitter:label1\" content=\"Est. reading time\" \/>\n\t<meta name=\"twitter:data1\" content=\"4 minutes\" \/>\n<script type=\"application\/ld+json\" class=\"yoast-schema-graph\">{\"@context\":\"https:\/\/schema.org\",\"@graph\":[{\"@type\":\"WebPage\",\"@id\":\"https:\/\/www.tbmaestro.com\/en\/customer-testimonials\/\",\"url\":\"https:\/\/www.tbmaestro.com\/en\/customer-testimonials\/\",\"name\":\"T\u00e9moignages clients - tbmaestro | Prenez les meilleures d\u00e9cisions pour vos b\u00e2timents et infrastructures\",\"isPartOf\":{\"@id\":\"https:\/\/www.tbmaestro.com\/en\/#website\"},\"primaryImageOfPage\":{\"@id\":\"https:\/\/www.tbmaestro.com\/en\/customer-testimonials\/#primaryimage\"},\"image\":{\"@id\":\"https:\/\/www.tbmaestro.com\/en\/customer-testimonials\/#primaryimage\"},\"thumbnailUrl\":\"https:\/\/www.tbmaestro.com\/wp-content\/uploads\/2022\/03\/Bandeau-temoignage-client-tbmaestro.jpg\",\"datePublished\":\"2022-03-10T22:10:27+00:00\",\"dateModified\":\"2023-06-29T19:09:30+00:00\",\"description\":\"D\u00e9couvrez les interviews clients r\u00e9alis\u00e9es par tbmaestro. Un grand merci \u00e0 nos clients pour la confiance accord\u00e9e.\",\"breadcrumb\":{\"@id\":\"https:\/\/www.tbmaestro.com\/en\/customer-testimonials\/#breadcrumb\"},\"inLanguage\":\"en-US\",\"potentialAction\":[{\"@type\":\"ReadAction\",\"target\":[\"https:\/\/www.tbmaestro.com\/en\/customer-testimonials\/\"]}]},{\"@type\":\"ImageObject\",\"inLanguage\":\"en-US\",\"@id\":\"https:\/\/www.tbmaestro.com\/en\/customer-testimonials\/#primaryimage\",\"url\":\"https:\/\/www.tbmaestro.com\/wp-content\/uploads\/2022\/03\/Bandeau-temoignage-client-tbmaestro.jpg\",\"contentUrl\":\"https:\/\/www.tbmaestro.com\/wp-content\/uploads\/2022\/03\/Bandeau-temoignage-client-tbmaestro.jpg\",\"width\":1920,\"height\":600,\"caption\":\"t\u00e9moignage client tbmaestro\"},{\"@type\":\"BreadcrumbList\",\"@id\":\"https:\/\/www.tbmaestro.com\/en\/customer-testimonials\/#breadcrumb\",\"itemListElement\":[{\"@type\":\"ListItem\",\"position\":1,\"name\":\"Home\",\"item\":\"https:\/\/www.tbmaestro.com\/en\/\"},{\"@type\":\"ListItem\",\"position\":2,\"name\":\"T\u00e9moignages clients\"}]},{\"@type\":\"WebSite\",\"@id\":\"https:\/\/www.tbmaestro.com\/en\/#website\",\"url\":\"https:\/\/www.tbmaestro.com\/en\/\",\"name\":\"tbmaestro | Prenez les meilleures d\u00e9cisions pour vos b\u00e2timents et infrastructures\",\"description\":\"\",\"publisher\":{\"@id\":\"https:\/\/www.tbmaestro.com\/en\/#organization\"},\"potentialAction\":[{\"@type\":\"SearchAction\",\"target\":{\"@type\":\"EntryPoint\",\"urlTemplate\":\"https:\/\/www.tbmaestro.com\/en\/?s={search_term_string}\"},\"query-input\":{\"@type\":\"PropertyValueSpecification\",\"valueRequired\":true,\"valueName\":\"search_term_string\"}}],\"inLanguage\":\"en-US\"},{\"@type\":\"Organization\",\"@id\":\"https:\/\/www.tbmaestro.com\/en\/#organization\",\"name\":\"tbmaestro\",\"url\":\"https:\/\/www.tbmaestro.com\/en\/\",\"logo\":{\"@type\":\"ImageObject\",\"inLanguage\":\"en-US\",\"@id\":\"https:\/\/www.tbmaestro.com\/en\/#\/schema\/logo\/image\/\",\"url\":\"https:\/\/www.tbmaestro.com\/wp-content\/uploads\/2019\/03\/logoHeader.png\",\"contentUrl\":\"https:\/\/www.tbmaestro.com\/wp-content\/uploads\/2019\/03\/logoHeader.png\",\"width\":290,\"height\":75,\"caption\":\"tbmaestro\"},\"image\":{\"@id\":\"https:\/\/www.tbmaestro.com\/en\/#\/schema\/logo\/image\/\"},\"sameAs\":[\"https:\/\/www.facebook.com\/tbmaestroFRQC\/\",\"https:\/\/x.com\/tbmaestro\",\"https:\/\/www.linkedin.com\/company\/1232437\",\"https:\/\/www.youtube.com\/channel\/UCs0RquE6S9VhXDFvSaCdX9Q\"]}]}<\/script>\n<!-- \/ Yoast SEO plugin. -->","yoast_head_json":{"title":"T\u00e9moignages clients - tbmaestro | Prenez les meilleures d\u00e9cisions pour vos b\u00e2timents et infrastructures","description":"D\u00e9couvrez les interviews clients r\u00e9alis\u00e9es par tbmaestro. Un grand merci \u00e0 nos clients pour la confiance accord\u00e9e.","robots":{"index":"index","follow":"follow","max-snippet":"max-snippet:-1","max-image-preview":"max-image-preview:large","max-video-preview":"max-video-preview:-1"},"canonical":"https:\/\/www.tbmaestro.com\/en\/customer-testimonials\/","og_locale":"en_US","og_type":"article","og_title":"T\u00e9moignages clients - tbmaestro | Prenez les meilleures d\u00e9cisions pour vos b\u00e2timents et infrastructures","og_description":"D\u00e9couvrez les interviews clients r\u00e9alis\u00e9es par tbmaestro. Un grand merci \u00e0 nos clients pour la confiance accord\u00e9e.","og_url":"https:\/\/www.tbmaestro.com\/en\/customer-testimonials\/","og_site_name":"tbmaestro | Prenez les meilleures d\u00e9cisions pour vos b\u00e2timents et infrastructures","article_publisher":"https:\/\/www.facebook.com\/tbmaestroFRQC\/","article_modified_time":"2023-06-29T19:09:30+00:00","og_image":[{"width":1920,"height":600,"url":"https:\/\/www.tbmaestro.com\/wp-content\/uploads\/2022\/03\/Bandeau-temoignage-client-tbmaestro.jpg","type":"image\/jpeg"}],"twitter_card":"summary_large_image","twitter_site":"@tbmaestro","twitter_misc":{"Est. reading time":"4 minutes"},"schema":{"@context":"https:\/\/schema.org","@graph":[{"@type":"WebPage","@id":"https:\/\/www.tbmaestro.com\/en\/customer-testimonials\/","url":"https:\/\/www.tbmaestro.com\/en\/customer-testimonials\/","name":"T\u00e9moignages clients - tbmaestro | Prenez les meilleures d\u00e9cisions pour vos b\u00e2timents et infrastructures","isPartOf":{"@id":"https:\/\/www.tbmaestro.com\/en\/#website"},"primaryImageOfPage":{"@id":"https:\/\/www.tbmaestro.com\/en\/customer-testimonials\/#primaryimage"},"image":{"@id":"https:\/\/www.tbmaestro.com\/en\/customer-testimonials\/#primaryimage"},"thumbnailUrl":"https:\/\/www.tbmaestro.com\/wp-content\/uploads\/2022\/03\/Bandeau-temoignage-client-tbmaestro.jpg","datePublished":"2022-03-10T22:10:27+00:00","dateModified":"2023-06-29T19:09:30+00:00","description":"D\u00e9couvrez les interviews clients r\u00e9alis\u00e9es par tbmaestro. Un grand merci \u00e0 nos clients pour la confiance accord\u00e9e.","breadcrumb":{"@id":"https:\/\/www.tbmaestro.com\/en\/customer-testimonials\/#breadcrumb"},"inLanguage":"en-US","potentialAction":[{"@type":"ReadAction","target":["https:\/\/www.tbmaestro.com\/en\/customer-testimonials\/"]}]},{"@type":"ImageObject","inLanguage":"en-US","@id":"https:\/\/www.tbmaestro.com\/en\/customer-testimonials\/#primaryimage","url":"https:\/\/www.tbmaestro.com\/wp-content\/uploads\/2022\/03\/Bandeau-temoignage-client-tbmaestro.jpg","contentUrl":"https:\/\/www.tbmaestro.com\/wp-content\/uploads\/2022\/03\/Bandeau-temoignage-client-tbmaestro.jpg","width":1920,"height":600,"caption":"t\u00e9moignage client tbmaestro"},{"@type":"BreadcrumbList","@id":"https:\/\/www.tbmaestro.com\/en\/customer-testimonials\/#breadcrumb","itemListElement":[{"@type":"ListItem","position":1,"name":"Home","item":"https:\/\/www.tbmaestro.com\/en\/"},{"@type":"ListItem","position":2,"name":"T\u00e9moignages clients"}]},{"@type":"WebSite","@id":"https:\/\/www.tbmaestro.com\/en\/#website","url":"https:\/\/www.tbmaestro.com\/en\/","name":"tbmaestro | Prenez les meilleures d\u00e9cisions pour vos b\u00e2timents et infrastructures","description":"","publisher":{"@id":"https:\/\/www.tbmaestro.com\/en\/#organization"},"potentialAction":[{"@type":"SearchAction","target":{"@type":"EntryPoint","urlTemplate":"https:\/\/www.tbmaestro.com\/en\/?s={search_term_string}"},"query-input":{"@type":"PropertyValueSpecification","valueRequired":true,"valueName":"search_term_string"}}],"inLanguage":"en-US"},{"@type":"Organization","@id":"https:\/\/www.tbmaestro.com\/en\/#organization","name":"tbmaestro","url":"https:\/\/www.tbmaestro.com\/en\/","logo":{"@type":"ImageObject","inLanguage":"en-US","@id":"https:\/\/www.tbmaestro.com\/en\/#\/schema\/logo\/image\/","url":"https:\/\/www.tbmaestro.com\/wp-content\/uploads\/2019\/03\/logoHeader.png","contentUrl":"https:\/\/www.tbmaestro.com\/wp-content\/uploads\/2019\/03\/logoHeader.png","width":290,"height":75,"caption":"tbmaestro"},"image":{"@id":"https:\/\/www.tbmaestro.com\/en\/#\/schema\/logo\/image\/"},"sameAs":["https:\/\/www.facebook.com\/tbmaestroFRQC\/","https:\/\/x.com\/tbmaestro","https:\/\/www.linkedin.com\/company\/1232437","https:\/\/www.youtube.com\/channel\/UCs0RquE6S9VhXDFvSaCdX9Q"]}]}},"_links":{"self":[{"href":"https:\/\/www.tbmaestro.com\/en\/wp-json\/wp\/v2\/pages\/54464","targetHints":{"allow":["GET"]}}],"collection":[{"href":"https:\/\/www.tbmaestro.com\/en\/wp-json\/wp\/v2\/pages"}],"about":[{"href":"https:\/\/www.tbmaestro.com\/en\/wp-json\/wp\/v2\/types\/page"}],"author":[{"embeddable":true,"href":"https:\/\/www.tbmaestro.com\/en\/wp-json\/wp\/v2\/users\/1"}],"replies":[{"embeddable":true,"href":"https:\/\/www.tbmaestro.com\/en\/wp-json\/wp\/v2\/comments?post=54464"}],"version-history":[{"count":1,"href":"https:\/\/www.tbmaestro.com\/en\/wp-json\/wp\/v2\/pages\/54464\/revisions"}],"predecessor-version":[{"id":54474,"href":"https:\/\/www.tbmaestro.com\/en\/wp-json\/wp\/v2\/pages\/54464\/revisions\/54474"}],"wp:featuredmedia":[{"embeddable":true,"href":"https:\/\/www.tbmaestro.com\/en\/wp-json\/wp\/v2\/media\/54275"}],"wp:attachment":[{"href":"https:\/\/www.tbmaestro.com\/en\/wp-json\/wp\/v2\/media?parent=54464"}],"curies":[{"name":"wp","href":"https:\/\/api.w.org\/{rel}","templated":true}]}}